{"id":22605,"date":"2024-11-29T09:57:32","date_gmt":"2024-11-29T09:57:32","guid":{"rendered":"https:\/\/visitpivka.si\/?post_type=product&#038;p=22605"},"modified":"2024-12-04T14:35:16","modified_gmt":"2024-12-04T14:35:16","slug":"darilni-bon-dina-druzina","status":"publish","type":"product","link":"https:\/\/visitpivka.si\/en\/izdelek\/darilni-bon-dina-druzina\/","title":{"rendered":"Darilni bon Center DINA (dru\u017eina)"},"content":{"rendered":"<p>Podarite do\u017eivetje za celo dru\u017eino! Dru\u017einski darilni bon za ogled Centra DINA Pivka zagotavlja edinstveno zabavo in spoznavanje sveta velikih zveri.<\/p>\n","protected":false},"excerpt":{"rendered":"<p>Dru\u017einski darilni bon za ogled Centra DINA Pivka zagotavlja edinstveno zabavo in spoznavanje sveta velikih zveri. V ceno darilnega bona so vklju\u010dene vstopnice za do 2 odrasli osebi in otroke do 18. leta starosti. Cena ne vklju\u010duje vodenega ogleda.<\/p>\n","protected":false},"featured_media":22606,"comment_status":"closed","ping_status":"closed","template":"","meta":{"_price":"20.00","_stock":null,"_tribe_ticket_header":"","_tribe_default_ticket_provider":"","_ticket_start_date":"","_ticket_end_date":"","_tribe_ticket_show_description":"","_tribe_ticket_show_not_going":false,"_tribe_ticket_use_global_stock":"","_tribe_ticket_global_stock_level":"","_global_stock_mode":"","_global_stock_cap":"","_tribe_rsvp_for_event":"","_tribe_ticket_going_count":"","_tribe_ticket_not_going_count":"","_tribe_tickets_list":"[]","_tribe_ticket_has_attendee_info_fields":false},"product_brand":[],"product_cat":[157],"product_tag":[],"class_list":{"0":"post-22605","1":"product","2":"type-product","3":"status-publish","4":"has-post-thumbnail","6":"product_cat-darilni-boni","8":"first","9":"instock","10":"virtual","11":"purchasable","12":"product-type-simple"},"yoast_head":"<!-- This site is optimized with the Yoast SEO plugin v26.6 - https:\/\/yoast.com\/wordpress\/plugins\/seo\/ -->\n<title>Darilni bon Center DINA (dru\u017eina) - VisitPivka<\/title>\n<meta name=\"description\" content=\"Podarite do\u017eivetje za celo dru\u017eino! Dru\u017einski bon za ogled Centra DINA Pivka zagotavlja edinstveno zabavo in spoznavanje sveta velikih zveri.\" \/>\n<meta name=\"robots\" content=\"index, follow, max-snippet:-1, max-image-preview:large, max-video-preview:-1\" \/>\n<link rel=\"canonical\" href=\"https:\/\/visitpivka.si\/en\/izdelek\/darilni-bon-dina-druzina\/\" \/>\n<meta property=\"og:locale\" content=\"en_US\" \/>\n<meta property=\"og:type\" content=\"article\" \/>\n<meta property=\"og:title\" content=\"Darilni bon Center DINA (dru\u017eina) - VisitPivka\" \/>\n<meta property=\"og:description\" content=\"Podarite do\u017eivetje za celo dru\u017eino! Dru\u017einski bon za ogled Centra DINA Pivka zagotavlja edinstveno zabavo in spoznavanje sveta velikih zveri.\" \/>\n<meta property=\"og:url\" content=\"https:\/\/visitpivka.si\/en\/izdelek\/darilni-bon-dina-druzina\/\" \/>\n<meta property=\"og:site_name\" content=\"VisitPivka\" \/>\n<meta property=\"article:publisher\" content=\"https:\/\/www.facebook.com\/visitpivka\" \/>\n<meta property=\"article:modified_time\" content=\"2024-12-04T14:35:16+00:00\" \/>\n<meta property=\"og:image\" content=\"https:\/\/visitpivka.si\/wp-content\/uploads\/2024\/11\/05.-12.-rubrika-2-2.png\" \/>\n\t<meta property=\"og:image:width\" content=\"1080\" \/>\n\t<meta property=\"og:image:height\" content=\"1080\" \/>\n\t<meta property=\"og:image:type\" content=\"image\/png\" \/>\n<meta name=\"twitter:card\" content=\"summary_large_image\" \/>\n<meta name=\"twitter:label1\" content=\"Est. reading time\" \/>\n\t<meta name=\"twitter:data1\" content=\"1 minute\" \/>\n<script type=\"application\/ld+json\" class=\"yoast-schema-graph\">{\"@context\":\"https:\/\/schema.org\",\"@graph\":[{\"@type\":\"WebPage\",\"@id\":\"https:\/\/visitpivka.si\/en\/izdelek\/darilni-bon-dina-druzina\/\",\"url\":\"https:\/\/visitpivka.si\/en\/izdelek\/darilni-bon-dina-druzina\/\",\"name\":\"Darilni bon Center DINA (dru\u017eina) - VisitPivka\",\"isPartOf\":{\"@id\":\"https:\/\/visitpivka.si\/en\/#website\"},\"primaryImageOfPage\":{\"@id\":\"https:\/\/visitpivka.si\/en\/izdelek\/darilni-bon-dina-druzina\/#primaryimage\"},\"image\":{\"@id\":\"https:\/\/visitpivka.si\/en\/izdelek\/darilni-bon-dina-druzina\/#primaryimage\"},\"thumbnailUrl\":\"https:\/\/visitpivka.si\/wp-content\/uploads\/2024\/11\/05.-12.-rubrika-2-2.png\",\"datePublished\":\"2024-11-29T09:57:32+00:00\",\"dateModified\":\"2024-12-04T14:35:16+00:00\",\"description\":\"Podarite do\u017eivetje za celo dru\u017eino! Dru\u017einski bon za ogled Centra DINA Pivka zagotavlja edinstveno zabavo in spoznavanje sveta velikih zveri.\",\"breadcrumb\":{\"@id\":\"https:\/\/visitpivka.si\/en\/izdelek\/darilni-bon-dina-druzina\/#breadcrumb\"},\"inLanguage\":\"en-US\",\"potentialAction\":[{\"@type\":\"ReadAction\",\"target\":[\"https:\/\/visitpivka.si\/en\/izdelek\/darilni-bon-dina-druzina\/\"]}]},{\"@type\":\"ImageObject\",\"inLanguage\":\"en-US\",\"@id\":\"https:\/\/visitpivka.si\/en\/izdelek\/darilni-bon-dina-druzina\/#primaryimage\",\"url\":\"https:\/\/visitpivka.si\/wp-content\/uploads\/2024\/11\/05.-12.-rubrika-2-2.png\",\"contentUrl\":\"https:\/\/visitpivka.si\/wp-content\/uploads\/2024\/11\/05.-12.-rubrika-2-2.png\",\"width\":1080,\"height\":1080,\"caption\":\"Darilni bon Centra DINA v spletni trgovini, v ozadju prazni\u010dno okra\u0161ena miza\"},{\"@type\":\"BreadcrumbList\",\"@id\":\"https:\/\/visitpivka.si\/en\/izdelek\/darilni-bon-dina-druzina\/#breadcrumb\",\"itemListElement\":[{\"@type\":\"ListItem\",\"position\":1,\"name\":\"Home\",\"item\":\"https:\/\/visitpivka.si\/en\/\"},{\"@type\":\"ListItem\",\"position\":2,\"name\":\"Shop\",\"item\":\"https:\/\/visitpivka.si\/trgovina\/\"},{\"@type\":\"ListItem\",\"position\":3,\"name\":\"Darilni bon Center DINA (dru\u017eina)\"}]},{\"@type\":\"WebSite\",\"@id\":\"https:\/\/visitpivka.si\/en\/#website\",\"url\":\"https:\/\/visitpivka.si\/en\/\",\"name\":\"Visit Pivka\",\"description\":\"\",\"publisher\":{\"@id\":\"https:\/\/visitpivka.si\/en\/#organization\"},\"potentialAction\":[{\"@type\":\"SearchAction\",\"target\":{\"@type\":\"EntryPoint\",\"urlTemplate\":\"https:\/\/visitpivka.si\/en\/?s={search_term_string}\"},\"query-input\":{\"@type\":\"PropertyValueSpecification\",\"valueRequired\":true,\"valueName\":\"search_term_string\"}}],\"inLanguage\":\"en-US\"},{\"@type\":\"Organization\",\"@id\":\"https:\/\/visitpivka.si\/en\/#organization\",\"name\":\"Visit Pivka\",\"url\":\"https:\/\/visitpivka.si\/en\/\",\"logo\":{\"@type\":\"ImageObject\",\"inLanguage\":\"en-US\",\"@id\":\"https:\/\/visitpivka.si\/en\/#\/schema\/logo\/image\/\",\"url\":\"https:\/\/visitpivka.si\/wp-content\/uploads\/2024\/11\/Pivka_Color.png\",\"contentUrl\":\"https:\/\/visitpivka.si\/wp-content\/uploads\/2024\/11\/Pivka_Color.png\",\"width\":1280,\"height\":490,\"caption\":\"Visit Pivka\"},\"image\":{\"@id\":\"https:\/\/visitpivka.si\/en\/#\/schema\/logo\/image\/\"},\"sameAs\":[\"https:\/\/www.facebook.com\/visitpivka\",\"https:\/\/www.instagram.com\/visitpivka\/\"]}]}<\/script>\n<!-- \/ Yoast SEO plugin. -->","yoast_head_json":{"title":"Darilni bon Center DINA (dru\u017eina) - VisitPivka","description":"Podarite do\u017eivetje za celo dru\u017eino! Dru\u017einski bon za ogled Centra DINA Pivka zagotavlja edinstveno zabavo in spoznavanje sveta velikih zveri.","robots":{"index":"index","follow":"follow","max-snippet":"max-snippet:-1","max-image-preview":"max-image-preview:large","max-video-preview":"max-video-preview:-1"},"canonical":"https:\/\/visitpivka.si\/en\/izdelek\/darilni-bon-dina-druzina\/","og_locale":"en_US","og_type":"article","og_title":"Darilni bon Center DINA (dru\u017eina) - VisitPivka","og_description":"Podarite do\u017eivetje za celo dru\u017eino! Dru\u017einski bon za ogled Centra DINA Pivka zagotavlja edinstveno zabavo in spoznavanje sveta velikih zveri.","og_url":"https:\/\/visitpivka.si\/en\/izdelek\/darilni-bon-dina-druzina\/","og_site_name":"VisitPivka","article_publisher":"https:\/\/www.facebook.com\/visitpivka","article_modified_time":"2024-12-04T14:35:16+00:00","og_image":[{"width":1080,"height":1080,"url":"https:\/\/visitpivka.si\/wp-content\/uploads\/2024\/11\/05.-12.-rubrika-2-2.png","type":"image\/png"}],"twitter_card":"summary_large_image","twitter_misc":{"Est. reading time":"1 minute"},"schema":{"@context":"https:\/\/schema.org","@graph":[{"@type":"WebPage","@id":"https:\/\/visitpivka.si\/en\/izdelek\/darilni-bon-dina-druzina\/","url":"https:\/\/visitpivka.si\/en\/izdelek\/darilni-bon-dina-druzina\/","name":"Darilni bon Center DINA (dru\u017eina) - VisitPivka","isPartOf":{"@id":"https:\/\/visitpivka.si\/en\/#website"},"primaryImageOfPage":{"@id":"https:\/\/visitpivka.si\/en\/izdelek\/darilni-bon-dina-druzina\/#primaryimage"},"image":{"@id":"https:\/\/visitpivka.si\/en\/izdelek\/darilni-bon-dina-druzina\/#primaryimage"},"thumbnailUrl":"https:\/\/visitpivka.si\/wp-content\/uploads\/2024\/11\/05.-12.-rubrika-2-2.png","datePublished":"2024-11-29T09:57:32+00:00","dateModified":"2024-12-04T14:35:16+00:00","description":"Podarite do\u017eivetje za celo dru\u017eino! Dru\u017einski bon za ogled Centra DINA Pivka zagotavlja edinstveno zabavo in spoznavanje sveta velikih zveri.","breadcrumb":{"@id":"https:\/\/visitpivka.si\/en\/izdelek\/darilni-bon-dina-druzina\/#breadcrumb"},"inLanguage":"en-US","potentialAction":[{"@type":"ReadAction","target":["https:\/\/visitpivka.si\/en\/izdelek\/darilni-bon-dina-druzina\/"]}]},{"@type":"ImageObject","inLanguage":"en-US","@id":"https:\/\/visitpivka.si\/en\/izdelek\/darilni-bon-dina-druzina\/#primaryimage","url":"https:\/\/visitpivka.si\/wp-content\/uploads\/2024\/11\/05.-12.-rubrika-2-2.png","contentUrl":"https:\/\/visitpivka.si\/wp-content\/uploads\/2024\/11\/05.-12.-rubrika-2-2.png","width":1080,"height":1080,"caption":"Darilni bon Centra DINA v spletni trgovini, v ozadju prazni\u010dno okra\u0161ena miza"},{"@type":"BreadcrumbList","@id":"https:\/\/visitpivka.si\/en\/izdelek\/darilni-bon-dina-druzina\/#breadcrumb","itemListElement":[{"@type":"ListItem","position":1,"name":"Home","item":"https:\/\/visitpivka.si\/en\/"},{"@type":"ListItem","position":2,"name":"Shop","item":"https:\/\/visitpivka.si\/trgovina\/"},{"@type":"ListItem","position":3,"name":"Darilni bon Center DINA (dru\u017eina)"}]},{"@type":"WebSite","@id":"https:\/\/visitpivka.si\/en\/#website","url":"https:\/\/visitpivka.si\/en\/","name":"Visit Pivka","description":"","publisher":{"@id":"https:\/\/visitpivka.si\/en\/#organization"},"potentialAction":[{"@type":"SearchAction","target":{"@type":"EntryPoint","urlTemplate":"https:\/\/visitpivka.si\/en\/?s={search_term_string}"},"query-input":{"@type":"PropertyValueSpecification","valueRequired":true,"valueName":"search_term_string"}}],"inLanguage":"en-US"},{"@type":"Organization","@id":"https:\/\/visitpivka.si\/en\/#organization","name":"Visit Pivka","url":"https:\/\/visitpivka.si\/en\/","logo":{"@type":"ImageObject","inLanguage":"en-US","@id":"https:\/\/visitpivka.si\/en\/#\/schema\/logo\/image\/","url":"https:\/\/visitpivka.si\/wp-content\/uploads\/2024\/11\/Pivka_Color.png","contentUrl":"https:\/\/visitpivka.si\/wp-content\/uploads\/2024\/11\/Pivka_Color.png","width":1280,"height":490,"caption":"Visit Pivka"},"image":{"@id":"https:\/\/visitpivka.si\/en\/#\/schema\/logo\/image\/"},"sameAs":["https:\/\/www.facebook.com\/visitpivka","https:\/\/www.instagram.com\/visitpivka\/"]}]}},"_links":{"self":[{"href":"https:\/\/visitpivka.si\/en\/wp-json\/wp\/v2\/product\/22605","targetHints":{"allow":["GET"]}}],"collection":[{"href":"https:\/\/visitpivka.si\/en\/wp-json\/wp\/v2\/product"}],"about":[{"href":"https:\/\/visitpivka.si\/en\/wp-json\/wp\/v2\/types\/product"}],"replies":[{"embeddable":true,"href":"https:\/\/visitpivka.si\/en\/wp-json\/wp\/v2\/comments?post=22605"}],"wp:featuredmedia":[{"embeddable":true,"href":"https:\/\/visitpivka.si\/en\/wp-json\/wp\/v2\/media\/22606"}],"wp:attachment":[{"href":"https:\/\/visitpivka.si\/en\/wp-json\/wp\/v2\/media?parent=22605"}],"wp:term":[{"taxonomy":"product_brand","embeddable":true,"href":"https:\/\/visitpivka.si\/en\/wp-json\/wp\/v2\/product_brand?post=22605"},{"taxonomy":"product_cat","embeddable":true,"href":"https:\/\/visitpivka.si\/en\/wp-json\/wp\/v2\/product_cat?post=22605"},{"taxonomy":"product_tag","embeddable":true,"href":"https:\/\/visitpivka.si\/en\/wp-json\/wp\/v2\/product_tag?post=22605"}],"curies":[{"name":"wp","href":"https:\/\/api.w.org\/{rel}","templated":true}]}}